{"id":1046,"date":"2019-12-28T13:06:57","date_gmt":"2019-12-28T13:06:57","guid":{"rendered":"http:\/\/kommentatorenblog.de\/?page_id=1046"},"modified":"2026-04-30T22:59:31","modified_gmt":"2026-04-30T21:59:31","slug":"ueber-uns","status":"publish","type":"page","link":"https:\/\/kommentatorenblog.de\/","title":{"rendered":"Pinnwand"},"content":{"rendered":"\n<p><strong>NEU: Ab dem Jahr 2026 bieten wir zus\u00e4tzlich zu unseren normalen Beitr\u00e4gen auch an jedem Wochenende die H\u00f6rfunk-Ansetzungen der Woche.<\/strong><\/p>\n\n\n\n<p><strong>HIER GIBT`S IMMER UNSERE AKTUELLEN EINTR\u00c4GE:<\/strong><\/p>\n\n\n\n<div class=\"wp-block-columns is-layout-flex wp-container-core-columns-is-layout-1 wp-block-columns-is-layout-flex\">\n<div class=\"wp-block-column is-layout-flow wp-block-column-is-layout-flow\">\n<figure class=\"wp-block-embed is-type-wp-embed is-provider-kommentatorenblog-de wp-block-embed-kommentatorenblog-de\"><div class=\"wp-block-embed__wrapper\">\n<blockquote class=\"wp-embedded-content\" data-secret=\"OjsOc4RSsO\"><a href=\"https:\/\/kommentatorenblog.de\/?p=26088\">1591 &#8211; DAZN mit CL-Zuschlag in \u00d6sterreich<\/a><\/blockquote><iframe loading=\"lazy\" class=\"wp-embedded-content\" sandbox=\"allow-scripts\" security=\"restricted\" style=\"position: absolute; visibility: hidden;\" title=\"&#8222;1591 &#8211; DAZN mit CL-Zuschlag in \u00d6sterreich&#8220; &#8211; kommentatorenblog.de\" src=\"https:\/\/kommentatorenblog.de\/?p=26088&#038;embed=true#?secret=z27jzVN9B2#?secret=OjsOc4RSsO\" data-secret=\"OjsOc4RSsO\" width=\"600\" height=\"338\" frameborder=\"0\" marginwidth=\"0\" marginheight=\"0\" scrolling=\"no\"><\/iframe>\n<\/div><\/figure>\n<\/div>\n\n\n\n<div class=\"wp-block-column is-layout-flow wp-block-column-is-layout-flow\">\n<figure class=\"wp-block-embed is-type-wp-embed is-provider-kommentatorenblog-de wp-block-embed-kommentatorenblog-de\"><div class=\"wp-block-embed__wrapper\">\n<blockquote class=\"wp-embedded-content\" data-secret=\"6Y8KWS0nSS\"><a href=\"https:\/\/kommentatorenblog.de\/?p=26161\">H\u00f6rfunk #17 &#8211; Deb\u00fcts und Comebacks<\/a><\/blockquote><iframe loading=\"lazy\" class=\"wp-embedded-content\" sandbox=\"allow-scripts\" security=\"restricted\" style=\"position: absolute; visibility: hidden;\" title=\"&#8222;H\u00f6rfunk #17 &#8211; Deb\u00fcts und Comebacks&#8220; &#8211; kommentatorenblog.de\" src=\"https:\/\/kommentatorenblog.de\/?p=26161&#038;embed=true#?secret=kKE5GKF2bk#?secret=6Y8KWS0nSS\" data-secret=\"6Y8KWS0nSS\" width=\"600\" height=\"338\" frameborder=\"0\" marginwidth=\"0\" marginheight=\"0\" scrolling=\"no\"><\/iframe>\n<\/div><\/figure>\n<\/div>\n<\/div>\n\n\n\n<p>\u201eWie hei\u00dft der Moderator von dem Spiel?\u201c \u2013 \u201eErstens: Das hei\u00dft Kommentator. Zweitens: Das ist Wolff Fuss \u2013 solltest du mittlerweile wissen. Drittens: Guck halt demn\u00e4chst im&nbsp;<em>Kommentatorenblog<\/em>!\u201c <\/p>\n\n\n\n<p>In der Regel wirft der Kommentatorenblog <strong>Montags<\/strong> und <strong>Donnerstags<\/strong> einen Blick auf den Fu\u00dfball in der deutschen TV-Landschaft. Wer spielt gegen wen? Wer zeigt\u2019s? Und vor allem: Wer kommentiert\u2019s? Deutschland hat nicht nur 80 Millionen Bundestrainer, Deutschland hat auch 80 Millionen Fu\u00dfballkommentatoren. Wer immer schon mehr als 90 Minuten vor der Partie wissen will, \u00fcber wen er sich bei der Partie seines Lieblingsclubs aufzuregen hat, der ist im&nbsp;<em>Kommentatorenblog<\/em>&nbsp;genau richtig. Zus\u00e4tzlich bieten wir seit 2026 in unseren H\u00f6rfunk-Beitr\u00e4gen eine \u00dcbersicht \u00fcber die Reporter vom Wochenende:<\/p>\n\n\n\n<p><strong>Seit August 2008<\/strong> wollen sich immer mehr Menschen \u00fcber die Kommentatorenansetzungen der TV-Sender informieren. Jeden <strong>Donnerstag <\/strong>bekommen die User von uns <a href=\"http:\/\/kommentatorenblog.de\/?page_id=5622\">Bloggern <\/a>eine \u00dcbersicht vom anstehenden Wochenende:<\/p>\n\n\n\n<ul class=\"wp-block-list\">\n<li>die <strong>Bundesliga<\/strong> der M\u00e4nner bei Sky und DAZN<\/li>\n\n\n\n<li>die <strong>Frauen-Bundesliga<\/strong> sowohl bei <mark style=\"background-color:rgba(0, 0, 0, 0)\" class=\"has-inline-color has-pale-pink-color\">Magenta Sport<\/mark> und DAZN, sowie bei Sport<mark style=\"background-color:rgba(0, 0, 0, 0)\" class=\"has-inline-color has-luminous-vivid-amber-color\">1<\/mark> und <mark style=\"background-color:rgba(0, 0, 0, 0)\" class=\"has-inline-color has-vivid-cyan-blue-color\">ARD<\/mark>\/<mark style=\"background-color:rgba(0, 0, 0, 0)\" class=\"has-inline-color has-luminous-vivid-orange-color\">ZDF<\/mark><\/li>\n\n\n\n<li>die <strong>2. Bundesliga<\/strong> bei Sky und <mark style=\"background-color:rgba(0, 0, 0, 0)\" class=\"has-inline-color has-vivid-purple-color\">RTL <\/mark>beziehungsweise <mark style=\"background-color:rgba(0, 0, 0, 0)\" class=\"has-inline-color has-cyan-bluish-gray-color\">Nitro<\/mark><\/li>\n\n\n\n<li>der <strong>internationale Fu\u00dfball<\/strong> bei DAZN, Sky und <mark style=\"background-color:rgba(0, 0, 0, 0)\" class=\"has-inline-color has-pale-cyan-blue-color\">Sportdigital<\/mark><\/li>\n\n\n\n<li>die<strong> 3. Liga<\/strong> bei <mark style=\"background-color:rgba(0, 0, 0, 0)\" class=\"has-inline-color has-pale-pink-color\">Magenta Sport<\/mark> und in den Regionalprogrammen der <mark style=\"background-color:rgba(0, 0, 0, 0)\" class=\"has-inline-color has-vivid-cyan-blue-color\">ARD<\/mark><\/li>\n<\/ul>\n\n\n\n<p><strong>Montags <\/strong>reicht der Blick von Dienstag bis Donnerstag: Zumeist stehen hier die Europapokawettbewerbe im Mittelpunkt. Wir dr\u00f6seln auf, welche Spiele ihr bei Prime oder DAZN in der <strong>Champions League <\/strong>seht, wo Disney+ \u00fcbertr\u00e4gt und welche Partie in der <strong>Europa League<\/strong> und <strong>Europa Conference League<\/strong> neben <mark style=\"background-color:rgba(0, 0, 0, 0)\" class=\"has-inline-color has-vivid-purple-color\">RTL+<\/mark> auch im Free-TV zu sehen ist. Aber noch mehr: Fast immer wenn irgendwo live im deutschen Fernsehen ein Fu\u00dfballspiel kommentiert wird, findet es sich in unserer Liste \u2013 egal ob <strong>L\u00e4nderspiele<\/strong> bei <mark style=\"background-color:rgba(0, 0, 0, 0)\" class=\"has-inline-color has-vivid-cyan-blue-color\">ARD<\/mark>\/<mark style=\"background-color:rgba(0, 0, 0, 0)\" class=\"has-inline-color has-luminous-vivid-orange-color\">ZDF<\/mark> und <mark style=\"background-color:rgba(0, 0, 0, 0)\" class=\"has-inline-color has-vivid-purple-color\">RTL<\/mark>, der <strong>DFB-Pokal<\/strong> der Frauen und M\u00e4nner im \u00d6ffentlich-Rechtlichen oder bei Sky, die<strong> U21<\/strong> bei ProSiebenMaxx, diverse <strong>Testspiele<\/strong> und, und, und\u2026<\/p>\n\n\n\n<hr class=\"wp-block-separator has-css-opacity\"\/>\n\n\n\n<p><strong>Die wichtigsten Ansetzungen, Updates, kurzfristige \u00c4nderungen<\/strong>, <strong>Sendehinweise <\/strong>und<strong> Meinungen <\/strong>etc. gibt\u00b4s immer auf unserem <strong><a href=\"http:\/\/www.instagram.com\/kommentatorenblog.de\/\">Instagram-Profil<\/a><\/strong>!<\/p>\n\n\n\n<p>Schaut gerne rein und folgt uns!<\/p>\n\n\n\n<hr class=\"wp-block-separator has-css-opacity\"\/>\n\n\n\n<p>Dar\u00fcber hinaus werden die aktuellen Ansetzungen regelm\u00e4\u00dfig <strong>analysiert<\/strong>. Wer sitzt besonders oft im Ruhrgebiet? Wer ist der Mann f\u00fcr die wichtigen Spiele in der Konferenz? Wer setzt in der Hierarchie zum \u00dcberholen an? Alles was auff\u00e4llt und von den Autoren f\u00fcr wichtig befunden wird, findet Erw\u00e4hnung und wird eingeordnet. Jeder Eintrag im&nbsp;<em>Kommentatorenblog<\/em>&nbsp;beginnt aber ganz individuell. Mal gibt es eine Man\u00f6verkritik einer Fu\u00dfball\u00fcbertragung, mal werden Neuigkeiten aus der Sport-Medien-Welt berichtet, mal geht es um anderen Sport, mal sind es die kleinen Geschichten aus dem Leben der Blog-Autoren. Neben den regelm\u00e4\u00dfigen Eintr\u00e4gen, geh\u00f6ren auch <strong>Specials<\/strong> zum&nbsp;<em>Kommentatorenblog<\/em>: Sondereintr\u00e4ge zu Olympischen Spielen, <strong><a href=\"http:\/\/kommentatorenblog.de\/?page_id=1048\">Interviews mit Senderverantwortlichen und Kommentatoren<\/a><\/strong> &#8211; all das ist der&nbsp;<em>Kommentatorenblog<\/em>.<\/p>\n\n\n\n<hr class=\"wp-block-separator has-css-opacity\"\/>\n","protected":false},"excerpt":{"rendered":"<p>NEU: Ab dem Jahr 2026 bieten wir zus\u00e4tzlich zu unseren normalen Beitr\u00e4gen auch an jedem Wochenende die H\u00f6rfunk-Ansetzungen der Woche. HIER GIBT`S IMMER UNSERE AKTUELLEN EINTR\u00c4GE: \u201eWie hei\u00dft der Moderator von dem Spiel?\u201c \u2013 \u201eErstens: Das hei\u00dft Kommentator. Zweitens: Das ist Wolff Fuss \u2013 solltest du mittlerweile wissen. Drittens: Guck halt demn\u00e4chst im&nbsp;Kommentatorenblog!\u201c In der [&hellip;]<\/p>\n","protected":false},"author":3,"featured_media":0,"parent":0,"menu_order":0,"comment_status":"closed","ping_status":"closed","template":"","meta":{"footnotes":""},"class_list":["post-1046","page","type-page","status-publish","hentry","post"],"_links":{"self":[{"href":"https:\/\/kommentatorenblog.de\/index.php?rest_route=\/wp\/v2\/pages\/1046","targetHints":{"allow":["GET"]}}],"collection":[{"href":"https:\/\/kommentatorenblog.de\/index.php?rest_route=\/wp\/v2\/pages"}],"about":[{"href":"https:\/\/kommentatorenblog.de\/index.php?rest_route=\/wp\/v2\/types\/page"}],"author":[{"embeddable":true,"href":"https:\/\/kommentatorenblog.de\/index.php?rest_route=\/wp\/v2\/users\/3"}],"replies":[{"embeddable":true,"href":"https:\/\/kommentatorenblog.de\/index.php?rest_route=%2Fwp%2Fv2%2Fcomments&post=1046"}],"version-history":[{"count":580,"href":"https:\/\/kommentatorenblog.de\/index.php?rest_route=\/wp\/v2\/pages\/1046\/revisions"}],"predecessor-version":[{"id":26173,"href":"https:\/\/kommentatorenblog.de\/index.php?rest_route=\/wp\/v2\/pages\/1046\/revisions\/26173"}],"wp:attachment":[{"href":"https:\/\/kommentatorenblog.de\/index.php?rest_route=%2Fwp%2Fv2%2Fmedia&parent=1046"}],"curies":[{"name":"wp","href":"https:\/\/api.w.org\/{rel}","templated":true}]}}